{"id":1419,"date":"2021-08-01T12:57:33","date_gmt":"2021-08-01T12:57:33","guid":{"rendered":"https:\/\/www.ijataw.com\/blog\/"},"modified":"2024-01-22T18:16:09","modified_gmt":"2024-01-22T17:16:09","slug":"blog","status":"publish","type":"page","link":"https:\/\/www.ijataw.com\/ar\/blog\/","title":{"rendered":"\u00a0Nos Articles"},"content":{"rendered":"<div data-elementor-type=\"wp-post\" data-elementor-id=\"1419\" class=\"elementor elementor-1419\" data-elementor-post-type=\"page\">\n\t\t\t\t\t\t<section class=\"elementor-section elementor-top-section elementor-element elementor-element-e3dad3b elementor-section-height-min-height elementor-section-boxed elementor-section-height-default elementor-section-items-middle\" data-id=\"e3dad3b\" data-element_type=\"section\" data-e-type=\"section\" data-settings=\"{&quot;background_background&quot;:&quot;classic&quot;}\">\n\t\t\t\t\t\t<div class=\"elementor-container elementor-column-gap-no\">\n\t\t\t\t\t<div class=\"elementor-column elementor-col-100 elementor-top-column elementor-element elementor-element-164793e\" data-id=\"164793e\" data-element_type=\"column\" data-e-type=\"column\">\n\t\t\t<div class=\"elementor-widget-wrap elementor-element-populated\">\n\t\t\t\t\t\t<div class=\"elementor-element elementor-element-fdf6193 elementor-widget elementor-widget-heading\" data-id=\"fdf6193\" data-element_type=\"widget\" data-e-type=\"widget\" data-widget_type=\"heading.default\">\n\t\t\t\t<div class=\"elementor-widget-container\">\n\t\t\t\t\t<h2 class=\"elementor-heading-title elementor-size-default\">Apprendre DE NOTRE SAVOIR-FAIRE<\/h2>\t\t\t\t<\/div>\n\t\t\t\t<\/div>\n\t\t\t\t\t<\/div>\n\t\t<\/div>\n\t\t\t\t\t<\/div>\n\t\t<\/section>\n\t\t\t\t<section class=\"elementor-section elementor-top-section elementor-element elementor-element-37204d8 elementor-section-boxed elementor-section-height-default elementor-section-height-default\" data-id=\"37204d8\" data-element_type=\"section\" data-e-type=\"section\" data-settings=\"{&quot;background_background&quot;:&quot;classic&quot;}\">\n\t\t\t\t\t\t<div class=\"elementor-container elementor-column-gap-default\">\n\t\t\t\t\t<div class=\"elementor-column elementor-col-100 elementor-top-column elementor-element elementor-element-63df7ae\" data-id=\"63df7ae\" data-element_type=\"column\" data-e-type=\"column\">\n\t\t\t<div class=\"elementor-widget-wrap elementor-element-populated\">\n\t\t\t\t\t\t<div class=\"elementor-element elementor-element-380928c elementor-grid-3 elementor-grid-tablet-2 elementor-grid-mobile-1 elementor-posts--thumbnail-top elementor-widget elementor-widget-posts\" data-id=\"380928c\" data-element_type=\"widget\" data-e-type=\"widget\" data-settings=\"{&quot;classic_columns&quot;:&quot;3&quot;,&quot;classic_columns_tablet&quot;:&quot;2&quot;,&quot;classic_columns_mobile&quot;:&quot;1&quot;,&quot;classic_row_gap&quot;:{&quot;unit&quot;:&quot;px&quot;,&quot;size&quot;:35,&quot;sizes&quot;:[]},&quot;classic_row_gap_tablet&quot;:{&quot;unit&quot;:&quot;px&quot;,&quot;size&quot;:&quot;&quot;,&quot;sizes&quot;:[]},&quot;classic_row_gap_mobile&quot;:{&quot;unit&quot;:&quot;px&quot;,&quot;size&quot;:&quot;&quot;,&quot;sizes&quot;:[]}}\" data-widget_type=\"posts.classic\">\n\t\t\t\t<div class=\"elementor-widget-container\">\n\t\t\t\t\t\t\t<div class=\"elementor-posts-container elementor-posts elementor-posts--skin-classic elementor-grid\" role=\"list\">\r\n\t\t\t\t<article class=\"elementor-post elementor-grid-item post-15208 post type-post status-publish format-standard hentry category-non-classe\" role=\"listitem\">\r\n\t\t\t\t<div class=\"elementor-post__text\">\r\n\t\t\t\t<h3 class=\"elementor-post__title\">\r\n\t\t\t<a href=\"https:\/\/www.ijataw.com\/ar\/australian-culture-and-holidays-themed-bonus-ideas\/\">\r\n\t\t\t\tAustralian Culture and Holidays Themed Bonus Ideas\t\t\t<\/a>\r\n\t\t<\/h3>\r\n\t\t\t\t<div class=\"elementor-post__excerpt\">\r\n\t\t\t<p>Australia is a country rich in unique traditions, vibrant celebrations, and a diverse cultural heritage that shapes its national identity.<\/p>\n\t\t<\/div>\r\n\t\t\r\n\t\t<a class=\"elementor-post__read-more\" href=\"https:\/\/www.ijataw.com\/ar\/australian-culture-and-holidays-themed-bonus-ideas\/\" aria-label=\"Read more about Australian Culture and Holidays Themed Bonus Ideas\" tabindex=\"-1\">\r\n\t\t\tVoir Plus \u00bb\t\t<\/a>\r\n\r\n\t\t\t\t<\/div>\r\n\t\t\t\t<\/article>\r\n\t\t\t\t<article class=\"elementor-post elementor-grid-item post-15206 post type-post status-publish format-standard hentry category-non-classe\" role=\"listitem\">\r\n\t\t\t\t<div class=\"elementor-post__text\">\r\n\t\t\t\t<h3 class=\"elementor-post__title\">\r\n\t\t\t<a href=\"https:\/\/www.ijataw.com\/ar\/strategies-de-jeu-a-long-terme-chez-betify\/\">\r\n\t\t\t\tStrat\u00e9gies de jeu \u00e0 long terme chez Betify\t\t\t<\/a>\r\n\t\t<\/h3>\r\n\t\t\t\t<div class=\"elementor-post__excerpt\">\r\n\t\t\t<p>Dans le monde du jeu en ligne, la pers\u00e9v\u00e9rance et la planification jouent un r\u00f4le crucial dans la r\u00e9ussite \u00e0<\/p>\n\t\t<\/div>\r\n\t\t\r\n\t\t<a class=\"elementor-post__read-more\" href=\"https:\/\/www.ijataw.com\/ar\/strategies-de-jeu-a-long-terme-chez-betify\/\" aria-label=\"Read more about Strat\u00e9gies de jeu \u00e0 long terme chez Betify\" tabindex=\"-1\">\r\n\t\t\tVoir Plus \u00bb\t\t<\/a>\r\n\r\n\t\t\t\t<\/div>\r\n\t\t\t\t<\/article>\r\n\t\t\t\t<article class=\"elementor-post elementor-grid-item post-15203 post type-post status-publish format-standard hentry category-non-classe\" role=\"listitem\">\r\n\t\t\t\t<div class=\"elementor-post__text\">\r\n\t\t\t\t<h3 class=\"elementor-post__title\">\r\n\t\t\t<a href=\"https:\/\/www.ijataw.com\/ar\/optimiser-son-experience-de-jeu-mobile-sur-tortuga-casino\/\">\r\n\t\t\t\tOptimiser son exp\u00e9rience de jeu mobile sur Tortuga Casino\t\t\t<\/a>\r\n\t\t<\/h3>\r\n\t\t\t\t<div class=\"elementor-post__excerpt\">\r\n\t\t\t<p>Avec l&rsquo;\u00e9volution constante des technologies, jouer sur tortuga casino mobile devient de plus en plus populaire among les amateurs de<\/p>\n\t\t<\/div>\r\n\t\t\r\n\t\t<a class=\"elementor-post__read-more\" href=\"https:\/\/www.ijataw.com\/ar\/optimiser-son-experience-de-jeu-mobile-sur-tortuga-casino\/\" aria-label=\"Read more about Optimiser son exp\u00e9rience de jeu mobile sur Tortuga Casino\" tabindex=\"-1\">\r\n\t\t\tVoir Plus \u00bb\t\t<\/a>\r\n\r\n\t\t\t\t<\/div>\r\n\t\t\t\t<\/article>\r\n\t\t\t\t<article class=\"elementor-post elementor-grid-item post-14871 post type-post status-publish format-standard has-post-thumbnail hentry category-marketing tag-marketing\" role=\"listitem\">\r\n\t\t\t\t<a class=\"elementor-post__thumbnail__link\" href=\"https:\/\/www.ijataw.com\/ar\/lintelligence-artificielle-generative-est-elle-vraiment-un-source-de-plagiat\/\" tabindex=\"-1\">\r\n\t\t\t<div class=\"elementor-post__thumbnail\"><img fetchpriority=\"high\" decoding=\"async\" width=\"300\" height=\"208\" src=\"https:\/\/www.ijataw.com\/wp-content\/uploads\/2024\/01\/ai-generated-8177861_640-300x208.webp\" class=\"attachment-medium size-medium wp-image-14880\" alt=\"\" title=\"ai-generated-8177861_640\" srcset=\"https:\/\/www.ijataw.com\/wp-content\/uploads\/2024\/01\/ai-generated-8177861_640-300x208.webp 300w, https:\/\/www.ijataw.com\/wp-content\/uploads\/2024\/01\/ai-generated-8177861_640-18x12.webp 18w, https:\/\/www.ijataw.com\/wp-content\/uploads\/2024\/01\/ai-generated-8177861_640-480x332.webp 480w, https:\/\/www.ijataw.com\/wp-content\/uploads\/2024\/01\/ai-generated-8177861_640.webp 640w\" sizes=\"(max-width: 300px) 100vw, 300px\" \/><\/div>\r\n\t\t<\/a>\r\n\t\t\t\t<div class=\"elementor-post__text\">\r\n\t\t\t\t<h3 class=\"elementor-post__title\">\r\n\t\t\t<a href=\"https:\/\/www.ijataw.com\/ar\/lintelligence-artificielle-generative-est-elle-vraiment-un-source-de-plagiat\/\">\r\n\t\t\t\tL\u2019intelligence artificielle\u00a0g\u00e9n\u00e9rative est elle vraiment un source de plagiat\t\t\t<\/a>\r\n\t\t<\/h3>\r\n\t\t\t\t<div class=\"elementor-post__excerpt\">\r\n\t\t\t<p>l es progr\u00e8s notables de l&rsquo;intelligence artificielle, en particulier avec des mod\u00e8les g\u00e9n\u00e9ratifs tels que GPT-3.5, ont consid\u00e9rablement influenc\u00e9 la<\/p>\n\t\t<\/div>\r\n\t\t\r\n\t\t<a class=\"elementor-post__read-more\" href=\"https:\/\/www.ijataw.com\/ar\/lintelligence-artificielle-generative-est-elle-vraiment-un-source-de-plagiat\/\" aria-label=\"Read more about L\u2019intelligence artificielle\u00a0g\u00e9n\u00e9rative est elle vraiment un source de plagiat\" tabindex=\"-1\">\r\n\t\t\tVoir Plus \u00bb\t\t<\/a>\r\n\r\n\t\t\t\t<\/div>\r\n\t\t\t\t<\/article>\r\n\t\t\t\t<article class=\"elementor-post elementor-grid-item post-14565 post type-post status-publish format-standard has-post-thumbnail hentry category-marketing category-seo tag-branding tag-marketing\" role=\"listitem\">\r\n\t\t\t\t<a class=\"elementor-post__thumbnail__link\" href=\"https:\/\/www.ijataw.com\/ar\/generation-z\/\" tabindex=\"-1\">\r\n\t\t\t<div class=\"elementor-post__thumbnail\"><img decoding=\"async\" width=\"300\" height=\"200\" src=\"https:\/\/www.ijataw.com\/wp-content\/uploads\/2024\/01\/istockphoto-1587997272-612x612-1-300x200.jpeg\" class=\"attachment-medium size-medium wp-image-14569\" alt=\"generation z\" title=\"generation z\" srcset=\"https:\/\/www.ijataw.com\/wp-content\/uploads\/2024\/01\/istockphoto-1587997272-612x612-1-300x200.jpeg 300w, https:\/\/www.ijataw.com\/wp-content\/uploads\/2024\/01\/istockphoto-1587997272-612x612-1-18x12.jpeg 18w, https:\/\/www.ijataw.com\/wp-content\/uploads\/2024\/01\/istockphoto-1587997272-612x612-1-480x320.jpeg 480w, https:\/\/www.ijataw.com\/wp-content\/uploads\/2024\/01\/istockphoto-1587997272-612x612-1.jpeg 612w\" sizes=\"(max-width: 300px) 100vw, 300px\" \/><\/div>\r\n\t\t<\/a>\r\n\t\t\t\t<div class=\"elementor-post__text\">\r\n\t\t\t\t<h3 class=\"elementor-post__title\">\r\n\t\t\t<a href=\"https:\/\/www.ijataw.com\/ar\/generation-z\/\">\r\n\t\t\t\tG\u00e9n\u00e9ration Z : Les Cl\u00e9s d&rsquo;un Contenu Marketing Impactant\t\t\t<\/a>\r\n\t\t<\/h3>\r\n\t\t\t\t<div class=\"elementor-post__excerpt\">\r\n\t\t\t<p>L a g\u00e9n\u00e9ration Z est aussi connue sous le nom \u201cGen Z\u201d , elle repr\u00e9sente les personnes n\u00e9es entre 1996<\/p>\n\t\t<\/div>\r\n\t\t\r\n\t\t<a class=\"elementor-post__read-more\" href=\"https:\/\/www.ijataw.com\/ar\/generation-z\/\" aria-label=\"Read more about G\u00e9n\u00e9ration Z : Les Cl\u00e9s d&rsquo;un Contenu Marketing Impactant\" tabindex=\"-1\">\r\n\t\t\tVoir Plus \u00bb\t\t<\/a>\r\n\r\n\t\t\t\t<\/div>\r\n\t\t\t\t<\/article>\r\n\t\t\t\t<article class=\"elementor-post elementor-grid-item post-14515 post type-post status-publish format-standard has-post-thumbnail hentry category-marketing tag-branding tag-marketing\" role=\"listitem\">\r\n\t\t\t\t<a class=\"elementor-post__thumbnail__link\" href=\"https:\/\/www.ijataw.com\/ar\/intelligence-artificielle\/\" tabindex=\"-1\">\r\n\t\t\t<div class=\"elementor-post__thumbnail\"><img decoding=\"async\" width=\"300\" height=\"200\" src=\"https:\/\/www.ijataw.com\/wp-content\/uploads\/2024\/01\/istockphoto-1619060542-612x612-1-300x200.jpeg\" class=\"attachment-medium size-medium wp-image-14522\" alt=\"intelligence artificielle\" title=\"intelligence artificielle\" srcset=\"https:\/\/www.ijataw.com\/wp-content\/uploads\/2024\/01\/istockphoto-1619060542-612x612-1-300x200.jpeg 300w, https:\/\/www.ijataw.com\/wp-content\/uploads\/2024\/01\/istockphoto-1619060542-612x612-1-18x12.jpeg 18w, https:\/\/www.ijataw.com\/wp-content\/uploads\/2024\/01\/istockphoto-1619060542-612x612-1-480x320.jpeg 480w, https:\/\/www.ijataw.com\/wp-content\/uploads\/2024\/01\/istockphoto-1619060542-612x612-1.jpeg 612w\" sizes=\"(max-width: 300px) 100vw, 300px\" \/><\/div>\r\n\t\t<\/a>\r\n\t\t\t\t<div class=\"elementor-post__text\">\r\n\t\t\t\t<h3 class=\"elementor-post__title\">\r\n\t\t\t<a href=\"https:\/\/www.ijataw.com\/ar\/intelligence-artificielle\/\">\r\n\t\t\t\tIntelligence Artificielle et Cr\u00e9ation de Contenu Marketing\t\t\t<\/a>\r\n\t\t<\/h3>\r\n\t\t\t\t<div class=\"elementor-post__excerpt\">\r\n\t\t\t<p>l &lsquo;av\u00e8nement de l&rsquo;intelligence artificielle (IA) a r\u00e9volutionn\u00e9 de nombreux secteurs, et l&rsquo;industrie de la cr\u00e9ation de contenu n&rsquo;a pas<\/p>\n\t\t<\/div>\r\n\t\t\r\n\t\t<a class=\"elementor-post__read-more\" href=\"https:\/\/www.ijataw.com\/ar\/intelligence-artificielle\/\" aria-label=\"Read more about Intelligence Artificielle et Cr\u00e9ation de Contenu Marketing\" tabindex=\"-1\">\r\n\t\t\tVoir Plus \u00bb\t\t<\/a>\r\n\r\n\t\t\t\t<\/div>\r\n\t\t\t\t<\/article>\r\n\t\t\t\t<\/div>\r\n\t\t\r\n\t\t\t\t\t\t<\/div>\n\t\t\t\t<\/div>\n\t\t\t\t\t<\/div>\n\t\t<\/div>\n\t\t\t\t\t<\/div>\n\t\t<\/section>\n\t\t\t\t<\/div>","protected":false},"excerpt":{"rendered":"<p>Apprendre DE NOTRE SAVOIR-FAIRE<\/p>","protected":false},"author":1,"featured_media":0,"parent":0,"menu_order":0,"comment_status":"closed","ping_status":"closed","template":"elementor_header_footer","meta":{"footnotes":""},"class_list":["post-1419","page","type-page","status-publish","hentry"],"_links":{"self":[{"href":"https:\/\/www.ijataw.com\/ar\/wp-json\/wp\/v2\/pages\/1419","targetHints":{"allow":["GET"]}}],"collection":[{"href":"https:\/\/www.ijataw.com\/ar\/wp-json\/wp\/v2\/pages"}],"about":[{"href":"https:\/\/www.ijataw.com\/ar\/wp-json\/wp\/v2\/types\/page"}],"author":[{"embeddable":true,"href":"https:\/\/www.ijataw.com\/ar\/wp-json\/wp\/v2\/users\/1"}],"replies":[{"embeddable":true,"href":"https:\/\/www.ijataw.com\/ar\/wp-json\/wp\/v2\/comments?post=1419"}],"version-history":[{"count":0,"href":"https:\/\/www.ijataw.com\/ar\/wp-json\/wp\/v2\/pages\/1419\/revisions"}],"wp:attachment":[{"href":"https:\/\/www.ijataw.com\/ar\/wp-json\/wp\/v2\/media?parent=1419"}],"curies":[{"name":"wp","href":"https:\/\/api.w.org\/{rel}","templated":true}]}}